{"id":1173,"date":"2024-06-27T10:20:43","date_gmt":"2024-06-27T10:20:43","guid":{"rendered":"http:\/\/math.usm.md\/?page_id=1173"},"modified":"2024-06-27T10:43:10","modified_gmt":"2024-06-27T10:43:10","slug":"structura-institutului-de-matematica-si-informatica","status":"publish","type":"page","link":"https:\/\/math.usm.md\/?page_id=1173","title":{"rendered":"Structura"},"content":{"rendered":"<div id=\"left\">\n<h3 class=\"first\">Laboratorul Sisteme de Programare &#8211; Iurie Rogojin<\/h3>\n<div class=\"brief\">\n<h4>Direc\u0163ii de cercetare<\/h4>\n<ul>\n<li>Bazele teoretice ale informaticii (modele formale de calcul, gramatici \u015fi limbaje formale, algebr\u0103 computa\u0163ional\u0103);<\/li>\n<li>Procesarea limbajului natural;<\/li>\n<li>Modelare \u015fi sisteme de simulare;<\/li>\n<li>Tehnologia elabor\u0103rii produselor program (metode, medii avansate de dezvoltare a sistemelor de programare, metodologii \u015fi tehnologii integrate pentru elaborarea produselor program, sisteme de prelucrare a datelor nestructurate).<\/li>\n<\/ul>\n<\/div>\n<p><a href=\"http:\/\/www.math.md\/structure\/computer-science\/programming-systems\/\">Informa\u021bia complet\u0103<\/a><\/p>\n<h3>Laboratorul Algebr\u0103 \u015fi Topologie<\/h3>\n<div class=\"brief\">\n<h4>Direc\u0163ii de cercetare<\/h4>\n<ul>\n<li>Algebra (teoria radicalilor, probleme de structura \u00een sisteme algebrice apropiate inelelor, modulelor \u015fi algebrelor);<\/li>\n<li>Quasigrupuri \u015fi analiza combinatorie (teoria general\u0103 a quasigrupurilor \u015fi opera\u0163iilor algebrice, probleme de combinatoric\u0103 \u00een quasigrupuri \u015fi aplica\u0163ii la codificarea \u015fi cifrarea informa\u0163iei);<\/li>\n<li>Logica matematic\u0103 (probleme algoritmice ale expresibilit\u0103\u0163ii func\u0163ionale precum \u015fi ale generaliz\u0103rilor ei \u00een logici neclasice);<\/li>\n<li>Algebra topologic\u0103;<\/li>\n<li>Geometria grupurilor discrete.<\/li>\n<\/ul>\n<\/div>\n<p><a href=\"http:\/\/www.math.md\/structure\/pure-mathematics\/topology-geometry\/\">Informa\u021bia complet\u0103<\/a><\/p>\n<h3>Laboratorul Modelare Matematic\u0103<\/h3>\n<div class=\"brief\">\n<h4>Direc\u0163ii de cercetare<\/h4>\n<ul>\n<li>Modelare matematic\u0103;<\/li>\n<li>Metode numerice;<\/li>\n<li>Teoria probabilit\u0103\u0163ilor;<\/li>\n<li>Teoria jocurilor \u015fi control optimal;<\/li>\n<li>Modelarea proceselor economice.<\/li>\n<\/ul>\n<\/div>\n<p><a href=\"http:\/\/www.math.md\/structure\/applied-mathematics\/math-modeling-optimization\/\">Informa\u021bia complet\u0103<\/a><\/p>\n<h3>Laboratorul Sisteme Informatice<\/h3>\n<div class=\"brief\">\n<h4>Direc\u0163ii de cercetare<\/h4>\n<p>Cercet\u0103ri teoretice \u015fi aplicative \u00een domeniul sistemelor informatice (Cercet\u0103ri teoretice: algoritmi \u015fi tehnologii noi de achizi\u0163ionare, formalizare \u015fi management al cuno\u015ftin\u0163elor; procesarea imaginilor ultrasonografice. Cercet\u0103ri aplicative: sisteme suport pentru decizii, sisteme inteligente de instruire \u015fi trening asistate de calculator, sisteme de management al con\u0163inutului web). Edificarea societ\u0103\u0163ii informa\u0163ionale.<\/p>\n<\/div>\n<p><a href=\"http:\/\/www.math.md\/structure\/computer-science\/informational-systems\/\">Informa\u021bia complet\u0103<\/a><\/p>\n<h3>Laboratorul Ecua\u0163ii Diferen\u0163iale<\/h3>\n<div class=\"brief\">\n<h4>Direc\u0163ii de cercetare<\/h4>\n<ul>\n<li>Teoria calitativ\u0103 a ecua\u0163iilor diferen\u0163iale \u015fi teoria invarian\u0163ilor algebrici;<\/li>\n<li>Aplicarea analizei de grup \u015fi algebrelor Lie \u00een studiul ecua\u0163iilor diferen\u0163iale;<\/li>\n<li>Analiza func\u0163ional\u0103 \u015fi a func\u0163iilor complexe normale.<\/li>\n<\/ul>\n<\/div>\n<p><a href=\"http:\/\/www.math.md\/structure\/pure-mathematics\/differential-equations\/\">Informa\u021bia complet\u0103<\/a><\/p>\n<\/div>\n<div id=\"right\"><\/div>\n","protected":false},"excerpt":{"rendered":"<p>Laboratorul Sisteme de Programare &#8211; Iurie Rogojin Direc\u0163ii de cercetare Bazele teoretice ale informaticii (modele formale de calcul, gramatici \u015fi limbaje formale, algebr\u0103 computa\u0163ional\u0103); Procesarea limbajului natural; Modelare \u015fi sisteme de simulare; Tehnologia elabor\u0103rii produselor program (metode, medii avansate de dezvoltare a sistemelor de programare, metodologii \u015fi tehnologii integrate pentru elaborarea produselor program, sisteme de&hellip; <br \/> <a class=\"read-more\" href=\"https:\/\/math.usm.md\/?page_id=1173\">Cite\u0219te mai mult<\/a><\/p>\n","protected":false},"author":1,"featured_media":0,"parent":0,"menu_order":0,"comment_status":"closed","ping_status":"closed","template":"","meta":{"footnotes":""},"class_list":["post-1173","page","type-page","status-publish","hentry"],"rttpg_featured_image_url":null,"rttpg_author":{"display_name":"","author_link":"https:\/\/math.usm.md\/?author=1"},"rttpg_comment":0,"rttpg_category":null,"rttpg_excerpt":"Laboratorul Sisteme de Programare &#8211; Iurie Rogojin Direc\u0163ii de cercetare Bazele teoretice ale informaticii (modele formale de calcul, gramatici \u015fi limbaje formale, algebr\u0103 computa\u0163ional\u0103); Procesarea limbajului natural; Modelare \u015fi sisteme de simulare; Tehnologia elabor\u0103rii produselor program (metode, medii avansate de dezvoltare a sistemelor de programare, metodologii \u015fi tehnologii integrate pentru elaborarea produselor program, sisteme de&hellip;&hellip;","_links":{"self":[{"href":"https:\/\/math.usm.md\/index.php?rest_route=\/wp\/v2\/pages\/1173","targetHints":{"allow":["GET"]}}],"collection":[{"href":"https:\/\/math.usm.md\/index.php?rest_route=\/wp\/v2\/pages"}],"about":[{"href":"https:\/\/math.usm.md\/index.php?rest_route=\/wp\/v2\/types\/page"}],"author":[{"embeddable":true,"href":"https:\/\/math.usm.md\/index.php?rest_route=\/wp\/v2\/users\/1"}],"replies":[{"embeddable":true,"href":"https:\/\/math.usm.md\/index.php?rest_route=%2Fwp%2Fv2%2Fcomments&post=1173"}],"version-history":[{"count":2,"href":"https:\/\/math.usm.md\/index.php?rest_route=\/wp\/v2\/pages\/1173\/revisions"}],"predecessor-version":[{"id":1196,"href":"https:\/\/math.usm.md\/index.php?rest_route=\/wp\/v2\/pages\/1173\/revisions\/1196"}],"wp:attachment":[{"href":"https:\/\/math.usm.md\/index.php?rest_route=%2Fwp%2Fv2%2Fmedia&parent=1173"}],"curies":[{"name":"wp","href":"https:\/\/api.w.org\/{rel}","templated":true}]}}