{"id":1177,"date":"2024-06-27T10:32:02","date_gmt":"2024-06-27T10:32:02","guid":{"rendered":"http:\/\/math.usm.md\/?page_id=1177"},"modified":"2024-06-27T10:43:15","modified_gmt":"2024-06-27T10:43:15","slug":"colaboratorii-institutului-de-matematica-si-informatica","status":"publish","type":"page","link":"https:\/\/math.usm.md\/?page_id=1177","title":{"rendered":"Colaboratorii"},"content":{"rendered":"<h3 class=\"first\">Administra\u0163ia<\/h3>\n<table class=\"text\">\n<tbody>\n<tr>\n<th>Nume<\/th>\n<th>Titlu<\/th>\n<th>Func\u0163ia<\/th>\n<th>Tel<\/th>\n<th>Email<\/th>\n<\/tr>\n<tr>\n<td><a href=\"https:\/\/www.math.md\/people\/titchiev-inga\/\">\u0162i\u0163chiev Inga<\/a><\/td>\n<td>doctor, conferen\u0163iar universitar<\/td>\n<td>director, cercet\u0103tor \u015ftiin\u0163ific coordonator<\/td>\n<td>72-70-35<\/td>\n<td><a href=\"mailto:inga.titchiev@math.usm.md\">inga.titchiev@math.usm.md<\/a><\/td>\n<\/tr>\n<tr>\n<td><a href=\"https:\/\/www.math.md\/people\/bujac-cristina\/\">Bujac Cristina<\/a><\/td>\n<td>doctor<\/td>\n<td>secretar \u015ftiin\u0163ific, cercet\u0103tor \u015ftiin\u0163ific<\/td>\n<td>73-80-65<\/td>\n<td><a href=\"mailto:cristina.bujac@math.md\">cristina.bujac@math.md<\/a><\/td>\n<\/tr>\n<tr>\n<td><a href=\"https:\/\/www.math.md\/people\/cebanu-silvia\/\">Cebanu Silvia<\/a><\/td>\n<td><\/td>\n<td>specialist serviciu personal<\/td>\n<td>72-31-08 \/ 72-59-82<\/td>\n<td><a href=\"mailto:cebanu_silvia@mail.ru\">cebanu_silvia@mail.ru<\/a><\/td>\n<\/tr>\n<\/tbody>\n<\/table>\n<p>&nbsp;<\/p>\n<h3>Laboratoarele Institului de Matematic\u0103 \u015fi Informatic\u0103<\/h3>\n<table class=\"text\">\n<tbody>\n<tr class=\"left\">\n<th>\u015eef laborator<\/th>\n<th>Laborator<\/th>\n<\/tr>\n<tr class=\"left\">\n<td><a href=\"https:\/\/www.math.md\/people\/caftanatov-olesea\/\">Caftanatov Olesea<\/a><\/td>\n<td><a href=\"https:\/\/www.math.md\/people\/programming-systems\/\">Sisteme de Programare &#8211; Iurie Rogojin<\/a>\u00a0<span class=\"brief\">[21]<\/span><\/td>\n<\/tr>\n<tr class=\"left\">\n<td><a href=\"https:\/\/www.math.md\/people\/izbas-vladimir\/\">Izba\u015f Vladimir<\/a><br \/>\n<span class=\"brief\">doctor, conferen\u0163iar cercet\u0103tor<\/span><\/td>\n<td><a href=\"https:\/\/www.math.md\/people\/topology-geometry\/\">Algebr\u0103 \u015fi Topologie<\/a>\u00a0<span class=\"brief\">[16]<\/span><\/td>\n<\/tr>\n<tr class=\"left\">\n<td><a href=\"https:\/\/www.math.md\/people\/lozovanu-dmitrii\/\">Lozovanu Dmitrii<\/a><br \/>\n<span class=\"brief\">doctor habilitat, profesor universitar<\/span><\/td>\n<td><a href=\"https:\/\/www.math.md\/people\/math-modeling-optimization\/\">Modelare Matematic\u0103<\/a>\u00a0<span class=\"brief\">[13]<\/span><\/td>\n<\/tr>\n<tr class=\"left\">\n<td><a href=\"https:\/\/www.math.md\/people\/gaindric-constantin1\/\">Gaindric Constantin<\/a><br \/>\n<span class=\"brief\">doctor habilitat, profesor universitar, membru corespondent A\u015eM<\/span><\/td>\n<td><a href=\"https:\/\/www.math.md\/people\/informational-systems\/\">Sisteme Informatice<\/a>\u00a0<span class=\"brief\">[10]<\/span><\/td>\n<\/tr>\n<tr class=\"left\">\n<td><a href=\"https:\/\/www.math.md\/people\/izbas-vladimir\/\">Izba\u015f Vladimir<\/a><br \/>\n<span class=\"brief\">doctor, conferen\u0163iar cercet\u0103tor<\/span><\/td>\n<td><a href=\"https:\/\/www.math.md\/people\/differential-equations\/\">Ecua\u0163ii Diferen\u0163iale<\/a>\u00a0<span class=\"brief\">[9]<\/span><\/td>\n<\/tr>\n<\/tbody>\n<\/table>\n","protected":false},"excerpt":{"rendered":"<p>Administra\u0163ia Nume Titlu Func\u0163ia Tel Email \u0162i\u0163chiev Inga doctor, conferen\u0163iar universitar director, cercet\u0103tor \u015ftiin\u0163ific coordonator 72-70-35 inga.titchiev@math.usm.md Bujac Cristina doctor secretar \u015ftiin\u0163ific, cercet\u0103tor \u015ftiin\u0163ific 73-80-65 cristina.bujac@math.md Cebanu Silvia specialist serviciu personal 72-31-08 \/ 72-59-82 cebanu_silvia@mail.ru &nbsp; Laboratoarele Institului de Matematic\u0103 \u015fi Informatic\u0103 \u015eef laborator Laborator Caftanatov Olesea Sisteme de Programare &#8211; Iurie Rogojin\u00a0[21] Izba\u015f Vladimir&hellip; <br \/> <a class=\"read-more\" href=\"https:\/\/math.usm.md\/?page_id=1177\">Cite\u0219te mai mult<\/a><\/p>\n","protected":false},"author":1,"featured_media":0,"parent":0,"menu_order":0,"comment_status":"closed","ping_status":"closed","template":"","meta":{"footnotes":""},"class_list":["post-1177","page","type-page","status-publish","hentry"],"rttpg_featured_image_url":null,"rttpg_author":{"display_name":"","author_link":"https:\/\/math.usm.md\/?author=1"},"rttpg_comment":0,"rttpg_category":null,"rttpg_excerpt":"Administra\u0163ia Nume Titlu Func\u0163ia Tel Email \u0162i\u0163chiev Inga doctor, conferen\u0163iar universitar director, cercet\u0103tor \u015ftiin\u0163ific coordonator 72-70-35 inga.titchiev@math.usm.md Bujac Cristina doctor secretar \u015ftiin\u0163ific, cercet\u0103tor \u015ftiin\u0163ific 73-80-65 cristina.bujac@math.md Cebanu Silvia specialist serviciu personal 72-31-08 \/ 72-59-82 cebanu_silvia@mail.ru &nbsp; Laboratoarele Institului de Matematic\u0103 \u015fi Informatic\u0103 \u015eef laborator Laborator Caftanatov Olesea Sisteme de Programare &#8211; Iurie Rogojin\u00a0[21] Izba\u015f Vladimir&hellip;&hellip;","_links":{"self":[{"href":"https:\/\/math.usm.md\/index.php?rest_route=\/wp\/v2\/pages\/1177","targetHints":{"allow":["GET"]}}],"collection":[{"href":"https:\/\/math.usm.md\/index.php?rest_route=\/wp\/v2\/pages"}],"about":[{"href":"https:\/\/math.usm.md\/index.php?rest_route=\/wp\/v2\/types\/page"}],"author":[{"embeddable":true,"href":"https:\/\/math.usm.md\/index.php?rest_route=\/wp\/v2\/users\/1"}],"replies":[{"embeddable":true,"href":"https:\/\/math.usm.md\/index.php?rest_route=%2Fwp%2Fv2%2Fcomments&post=1177"}],"version-history":[{"count":2,"href":"https:\/\/math.usm.md\/index.php?rest_route=\/wp\/v2\/pages\/1177\/revisions"}],"predecessor-version":[{"id":1197,"href":"https:\/\/math.usm.md\/index.php?rest_route=\/wp\/v2\/pages\/1177\/revisions\/1197"}],"wp:attachment":[{"href":"https:\/\/math.usm.md\/index.php?rest_route=%2Fwp%2Fv2%2Fmedia&parent=1177"}],"curies":[{"name":"wp","href":"https:\/\/api.w.org\/{rel}","templated":true}]}}