{"id":1180,"date":"2024-06-27T10:33:06","date_gmt":"2024-06-27T10:33:06","guid":{"rendered":"http:\/\/math.usm.md\/?page_id=1180"},"modified":"2024-06-27T10:33:06","modified_gmt":"2024-06-27T10:33:06","slug":"publicatii","status":"publish","type":"page","link":"https:\/\/math.usm.md\/?page_id=1180","title":{"rendered":"Publica\u0163ii"},"content":{"rendered":"<div id=\"left\"><a href=\"https:\/\/www.math.md\/publications\/basm\/\"><b>Buletinul Academiei de \u015etiin\u0163e a Republicii Moldova. Matematica<\/b><\/a><\/p>\n<div class=\"brief\">Revista &#8222;Buletinul Academiei de \u015etiin\u0163e a Republicii Moldova. Matematica&#8221; (BASM) este o revist\u0103 interna\u0163ional\u0103 recenzat\u0103. Colegiul de redac\u0163ie const\u0103 din cercet\u0103tori cu renume mondial, mul\u0163i dintre ei fiind lideri \u00een domeniul respectiv.<\/div>\n<p>Edi\u0163ii recente:<\/p>\n<ul>\n<li><a href=\"https:\/\/www.math.md\/publications\/basm\/issues\/y2023-n3\/\">BASM n3(103), 2023<\/a><\/li>\n<li><a href=\"https:\/\/www.math.md\/publications\/basm\/issues\/y2023-n2\/\">BASM n2(102), 2023<\/a><\/li>\n<li><a href=\"https:\/\/www.math.md\/publications\/basm\/issues\/y2023-n1\/\">BASM n1(101), 2023<\/a><\/li>\n<\/ul>\n<p><a href=\"https:\/\/www.math.md\/publications\/csjm\/\"><b>Computer Science Journal of Moldova<\/b><\/a><\/p>\n<div class=\"brief\">Revista &#8222;Computer Science Journal of Moldova&#8221; (CSJM) este publicat\u0103 din 1993, fiind o revist\u0103 interna\u0163ional\u0103 recenzat\u0103. Consiliul consultativ este format din 15 cercet\u0103tori cu renume mondial.<\/div>\n<p>Edi\u0163ii recente:<\/p>\n<ul>\n<li><a href=\"https:\/\/www.math.md\/publications\/csjm\/issues\/v32-n1\/\">CSJM v.32, n.1 (94), 2024<\/a><\/li>\n<li><a href=\"https:\/\/www.math.md\/publications\/csjm\/issues\/v31-n3\/\">CSJM v.31, n.3 (93), 2023<\/a><\/li>\n<li><a href=\"https:\/\/www.math.md\/publications\/csjm\/issues\/v31-n2\/\">CSJM v.31, n.2 (92), 2023<\/a><\/li>\n<\/ul>\n<p><a href=\"https:\/\/www.math.md\/publications\/qrs\/\"><b>Quasigroups and Related Systems<\/b><\/a><\/p>\n<div class=\"brief\">Revista &#8222;Quasigroups and Related Systems&#8221; (QRS) public\u0103 articole \u015fi comunic\u0103ri scurte \u00een domeniile: teoria general\u0103 a quasigrupurilor; clase speciale de quasigrupuri; sisteme n-are (grupuri n-are, algebre Menger etc.); combinatoric\u0103; teoria codurilor; re\u0163ele algebrice; quasigrupuri vagi; alte subiecte conexe.<\/div>\n<p>Edi\u0163ii recente:<\/p>\n<ul>\n<li><a href=\"https:\/\/www.math.md\/publications\/qrs\/issues\/v31-n1\/\">QRS v.31, n.1 (49), 2023<\/a><\/li>\n<li><a href=\"https:\/\/www.math.md\/publications\/qrs\/issues\/v30-n2\/\">QRS v.30, n.2 (48), 2022<\/a><\/li>\n<li><a href=\"https:\/\/www.math.md\/publications\/qrs\/issues\/v30-n1\/\">QRS v.30, n.1 (47), 2022<\/a><\/li>\n<\/ul>\n<p><a href=\"https:\/\/www.math.md\/publications\/monographs\/\"><b>Monografii<\/b><\/a><\/p>\n<div class=\"brief\">Monografii editate de colaboratorii IMI. Monografii traduse \u00een alte limbi.<\/div>\n<p>Edi\u0163ii recente:<\/p>\n<ul>\n<li style=\"list-style-type: none;\">\n<ul>\n<li>Digitization of Romanian Historical Printings.<br \/>\n<a href=\"https:\/\/www.math.md\/people\/bumbu-tudor\/\" target=\"_blank\" rel=\"noopener\">Tudor Bumbu<\/a>,\u00a0<a href=\"https:\/\/www.math.md\/people\/burtseva-liudmila\/\" target=\"_blank\" rel=\"noopener\">Liudmila Burtseva<\/a>,\u00a0<a href=\"https:\/\/www.math.md\/people\/cojocaru-svetlana\/\" target=\"_blnak\" rel=\"noopener\">Svetlana Cojocaru<\/a>,\u00a0<a href=\"https:\/\/www.math.md\/people\/colesnicov-alexander\/\" target=\"_blank\" rel=\"noopener\">Alexandru Colesnicov<\/a>,\u00a0<a href=\"https:\/\/www.math.md\/people\/malahov-ludmila\/\" target=\"_blank\" rel=\"noopener\">Ludmila Malahov<\/a><br \/>\nAnul Chisinau 2023<\/li>\n<li>\u041f\u0440\u043e\u0431\u043b\u0435\u043c\u0430 \u0426\u0435\u043d\u0442\u0440\u0430 \u0438 \u0424\u043e\u043a\u0443\u0441\u0430: \u0410\u043b\u0433\u0435\u0431\u0440\u0430\u0438\u0447\u0435\u0441\u043a\u0438\u0435 \u0420\u0435\u0448\u0435\u043d\u0438\u044f \u0438 \u0413\u0438\u043f\u043e\u0442\u0435\u0437\u044b.<br \/>\n<a href=\"http:\/\/www.math.md\/people\/popa-mihail\/\" target=\"_blank\" rel=\"noopener\">\u041c. \u041d. \u041f\u043e\u043f\u0430<\/a>,\u00a0<a href=\"http:\/\/www.math.md\/people\/pricop-victor\/\" target=\"_blank\" rel=\"noopener\">\u0412. \u0412. \u041f\u0440\u0438\u043a\u043e\u043f<\/a>.<br \/>\n\u0410\u041d\u041c \u0418\u041c\u0418, \u041a\u0438\u0448\u0438\u043d\u044d\u0443, 2018. \u2013 255\u0441. ISBN 978-9975-62-416-9.\u00a0<a href=\"https:\/\/www.math.md\/files\/download\/publications\/monographs\/PopaM_PricopV_PCF_VEl.pdf\" target=\"_blank\" rel=\"noopener\">PDF<\/a><\/li>\n<li>Optimization of Stochastic Discrete Systems and Control on Complex Networks.<br \/>\n<a href=\"http:\/\/www.math.md\/people\/lozovanu-dmitrii\/\">Lozovanu D.<\/a>, Pickl S.<br \/>\nSpringer, 2015. 400 p. ISBN 978-3-319-11832-1.<\/li>\n<li>Sisteme Dinamice Deterministe \u015fi Stochastice.<br \/>\nLazari A.,\u00a0<a href=\"http:\/\/www.math.md\/people\/lozovanu-dmitrii\/\">Lozovanu D.<\/a>, Capcelea M.<br \/>\nUSM, Chi\u015fin\u0103u, 2015, 310 p. ISBN 978-9975-71-642-0.<\/li>\n<\/ul>\n<\/li>\n<\/ul>\n<\/div>\n","protected":false},"excerpt":{"rendered":"<p>Buletinul Academiei de \u015etiin\u0163e a Republicii Moldova. Matematica Revista &#8222;Buletinul Academiei de \u015etiin\u0163e a Republicii Moldova. Matematica&#8221; (BASM) este o revist\u0103 interna\u0163ional\u0103 recenzat\u0103. Colegiul de redac\u0163ie const\u0103 din cercet\u0103tori cu renume mondial, mul\u0163i dintre ei fiind lideri \u00een domeniul respectiv. Edi\u0163ii recente: BASM n3(103), 2023 BASM n2(102), 2023 BASM n1(101), 2023 Computer Science Journal of&hellip; <br \/> <a class=\"read-more\" href=\"https:\/\/math.usm.md\/?page_id=1180\">Cite\u0219te mai mult<\/a><\/p>\n","protected":false},"author":1,"featured_media":0,"parent":0,"menu_order":0,"comment_status":"closed","ping_status":"closed","template":"","meta":{"footnotes":""},"class_list":["post-1180","page","type-page","status-publish","hentry"],"rttpg_featured_image_url":null,"rttpg_author":{"display_name":"","author_link":"https:\/\/math.usm.md\/?author=1"},"rttpg_comment":0,"rttpg_category":null,"rttpg_excerpt":"Buletinul Academiei de \u015etiin\u0163e a Republicii Moldova. Matematica Revista &#8222;Buletinul Academiei de \u015etiin\u0163e a Republicii Moldova. Matematica&#8221; (BASM) este o revist\u0103 interna\u0163ional\u0103 recenzat\u0103. Colegiul de redac\u0163ie const\u0103 din cercet\u0103tori cu renume mondial, mul\u0163i dintre ei fiind lideri \u00een domeniul respectiv. Edi\u0163ii recente: BASM n3(103), 2023 BASM n2(102), 2023 BASM n1(101), 2023 Computer Science Journal of&hellip;&hellip;","_links":{"self":[{"href":"https:\/\/math.usm.md\/index.php?rest_route=\/wp\/v2\/pages\/1180","targetHints":{"allow":["GET"]}}],"collection":[{"href":"https:\/\/math.usm.md\/index.php?rest_route=\/wp\/v2\/pages"}],"about":[{"href":"https:\/\/math.usm.md\/index.php?rest_route=\/wp\/v2\/types\/page"}],"author":[{"embeddable":true,"href":"https:\/\/math.usm.md\/index.php?rest_route=\/wp\/v2\/users\/1"}],"replies":[{"embeddable":true,"href":"https:\/\/math.usm.md\/index.php?rest_route=%2Fwp%2Fv2%2Fcomments&post=1180"}],"version-history":[{"count":1,"href":"https:\/\/math.usm.md\/index.php?rest_route=\/wp\/v2\/pages\/1180\/revisions"}],"predecessor-version":[{"id":1181,"href":"https:\/\/math.usm.md\/index.php?rest_route=\/wp\/v2\/pages\/1180\/revisions\/1181"}],"wp:attachment":[{"href":"https:\/\/math.usm.md\/index.php?rest_route=%2Fwp%2Fv2%2Fmedia&parent=1180"}],"curies":[{"name":"wp","href":"https:\/\/api.w.org\/{rel}","templated":true}]}}