{"id":1182,"date":"2024-06-27T10:33:39","date_gmt":"2024-06-27T10:33:39","guid":{"rendered":"http:\/\/math.usm.md\/?page_id=1182"},"modified":"2024-06-27T10:33:39","modified_gmt":"2024-06-27T10:33:39","slug":"proiecte","status":"publish","type":"page","link":"https:\/\/math.usm.md\/?page_id=1182","title":{"rendered":"Proiecte"},"content":{"rendered":"<h3 class=\"first\">Proiecte Institu\u0163ionale (CS\u015eDT)<\/h3>\n<ul>\n<li><span class=\"brief\">2024\u20132027<\/span>\u00a0<a href=\"https:\/\/www.math.md\/projects\/011301\/\">Sisteme informatice bazate pe Inteligen\u021ba Artificial\u0103<\/a><\/li>\n<\/ul>\n<h3>Colaborare Interna\u0163ional\u0103<\/h3>\n<ul>\n<li><span class=\"brief\">2022\u20132026<\/span>\u00a0<a href=\"https:\/\/www.math.md\/projects\/CA21167\/\">Universality, diversity and idiosyncrasy in language technology (UniDive)<\/a><\/li>\n<li><span class=\"brief\">2020\u20132024<\/span>\u00a0<a href=\"https:\/\/www.math.md\/projects\/CA19102\/\">Language In The Human-Machine Era (LITHME), COST action.<\/a><\/li>\n<\/ul>\n","protected":false},"excerpt":{"rendered":"<p>Proiecte Institu\u0163ionale (CS\u015eDT) 2024\u20132027\u00a0Sisteme informatice bazate pe Inteligen\u021ba Artificial\u0103 Colaborare Interna\u0163ional\u0103 2022\u20132026\u00a0Universality, diversity and idiosyncrasy in language technology (UniDive) 2020\u20132024\u00a0Language In The Human-Machine Era (LITHME), COST action.<\/p>\n","protected":false},"author":1,"featured_media":0,"parent":0,"menu_order":0,"comment_status":"closed","ping_status":"closed","template":"","meta":{"footnotes":""},"class_list":["post-1182","page","type-page","status-publish","hentry"],"rttpg_featured_image_url":null,"rttpg_author":{"display_name":"","author_link":"https:\/\/math.usm.md\/?author=1"},"rttpg_comment":0,"rttpg_category":null,"rttpg_excerpt":"Proiecte Institu\u0163ionale (CS\u015eDT) 2024\u20132027\u00a0Sisteme informatice bazate pe Inteligen\u021ba Artificial\u0103 Colaborare Interna\u0163ional\u0103 2022\u20132026\u00a0Universality, diversity and idiosyncrasy in language technology (UniDive) 2020\u20132024\u00a0Language In The Human-Machine Era (LITHME), COST action.","_links":{"self":[{"href":"https:\/\/math.usm.md\/index.php?rest_route=\/wp\/v2\/pages\/1182","targetHints":{"allow":["GET"]}}],"collection":[{"href":"https:\/\/math.usm.md\/index.php?rest_route=\/wp\/v2\/pages"}],"about":[{"href":"https:\/\/math.usm.md\/index.php?rest_route=\/wp\/v2\/types\/page"}],"author":[{"embeddable":true,"href":"https:\/\/math.usm.md\/index.php?rest_route=\/wp\/v2\/users\/1"}],"replies":[{"embeddable":true,"href":"https:\/\/math.usm.md\/index.php?rest_route=%2Fwp%2Fv2%2Fcomments&post=1182"}],"version-history":[{"count":1,"href":"https:\/\/math.usm.md\/index.php?rest_route=\/wp\/v2\/pages\/1182\/revisions"}],"predecessor-version":[{"id":1183,"href":"https:\/\/math.usm.md\/index.php?rest_route=\/wp\/v2\/pages\/1182\/revisions\/1183"}],"wp:attachment":[{"href":"https:\/\/math.usm.md\/index.php?rest_route=%2Fwp%2Fv2%2Fmedia&parent=1182"}],"curies":[{"name":"wp","href":"https:\/\/api.w.org\/{rel}","templated":true}]}}