{"id":1184,"date":"2024-06-27T10:34:38","date_gmt":"2024-06-27T10:34:38","guid":{"rendered":"http:\/\/math.usm.md\/?page_id=1184"},"modified":"2024-06-27T10:34:38","modified_gmt":"2024-06-27T10:34:38","slug":"conferinte","status":"publish","type":"page","link":"https:\/\/math.usm.md\/?page_id=1184","title":{"rendered":"Conferin\u0163e"},"content":{"rendered":"<ol>\n<li><a href=\"https:\/\/www.math.md\/imcs60\/\" target=\"_blank\" rel=\"noopener\">International Conference dedicated to the 60th anniversary of the foundation of Vladimir Andrunachievici Institute of Mathematics and Computer Science, (IMCS60)<\/a>, (10-13 octombrie 2024, Chi\u0219in\u0103u).<\/li>\n<li><a href=\"http:\/\/www.math.md\/wiis2023\/\" target=\"_blank\" rel=\"noopener\">Workshop on Intelligent Information Systems &#8222;WIIS2023&#8221;<\/a>\u00a0(19-21 octombrie 2023, Chi\u0219in\u0103u).<\/li>\n<li><a href=\"https:\/\/profs.info.uaic.ro\/~consilr\/2022\/\" target=\"_blank\" rel=\"noopener\">The 17th Edition of the International Conference on Linguistic Resources and Tools for Natural Language Processing and the 2nd DeLORo Workshop<\/a>\u00a0(10-12 noiembrie 2022, Chi\u0219in\u0103u).<\/li>\n<li><a href=\"http:\/\/www.math.md\/wiis2022\/\" target=\"_blank\" rel=\"noopener\">Workshop on Intelligent Information Systems &#8222;WIIS2022&#8221;<\/a>\u00a0(06-08 octombrie 2022, Chi\u0219in\u0103u).<\/li>\n<li><a href=\"http:\/\/www.math.md\/wiis2021\/\" target=\"_blank\" rel=\"noopener\">Workshop on Intelligent Information Systems &#8222;WIIS2021&#8221;<\/a>\u00a0(14-15 octombrie 2021, Chi\u0219in\u0103u).<\/li>\n<li><a href=\"http:\/\/www.math.md\/wiis2020\/\" target=\"_blank\" rel=\"noopener\">Workshop on Intelligent Information Systems &#8222;WIIS2020&#8221;<\/a>\u00a0(04 decembrie &#8211; 05 decembrie 2020, Chi\u0219in\u0103u).<\/li>\n<li><a href=\"http:\/\/www.math.md\/imcs55\/index.htm\" target=\"_blank\" rel=\"noopener\">The Fifth Conference of the Mathematical Society of the Republic of Moldova dedicated to the 55th anniversary of the foundation of the Vladimir Andrunachievici Institute of Mathematics and Computer Science &#8222;IMCS-55&#8221;<\/a>\u00a0(28 septembrie &#8211; 1 octombrie 2019, Chi\u0219in\u0103u).<\/li>\n<li><a href=\"http:\/\/mfoi2019.info.uaic.ro\/\" target=\"_blank\" rel=\"noopener\">Conference on Mathematical Foundations of Informatics &#8222;MFOI 2019&#8221;<\/a>\u00a0(3-6 iulie 2019, Ia\u0219i, Rom\u00e2nia).<\/li>\n<li><a href=\"http:\/\/mfoi2018.math.md\/\" target=\"_blank\" rel=\"noopener\">Conference on Mathematical Foundations of Informatics &#8222;MFOI-2018&#8221;<\/a>\u00a0(2\u20136 iulie 2018, Chi\u0219in\u0103u).<\/li>\n<li><a href=\"http:\/\/mfoi2017.math.md\/\" target=\"_blank\" rel=\"noopener\">Conference on Mathematical Foundations of Informatics &#8222;MFOI-2017&#8221;<\/a>\u00a0(9-11 noiembrie 2017, Chi\u0219in\u0103u).<\/li>\n<li><a href=\"http:\/\/cmsm4.math.md\/\" target=\"_blank\" rel=\"noopener\">The 4th Conference of Mathematical Society of the Republic of Moldova, dedicated to the centenary of Vladimir Andrunachievici (1917-1997) &#8222;CMSM4&#8221;<\/a>\u00a0(28 iunie &#8211; 2 iulie, 2017, Chi\u0219in\u0103u).<\/li>\n<li><a href=\"http:\/\/mfoi.math.md\/\" target=\"_blank\" rel=\"noopener\">Conference on Mathematical Foundations of Informatics &#8222;MFOI-2016&#8221;<\/a>\u00a0(25-31 iulie 2016, Chi\u0219in\u0103u).<\/li>\n<li><a href=\"http:\/\/foi.math.md\/\" target=\"_blank\" rel=\"noopener\">Workshop on Foundations of Informatics &#8222;FOI-2015&#8221;<\/a>\u00a0(24-29 august 2015, Chi\u0219in\u0103u).<\/li>\n<li><a href=\"http:\/\/www.math.md\/imcs50\/\" target=\"_blank\" rel=\"noopener\">The Third Conference of Mathematical Society of the Republic of Moldova dedicated to the 50th anniversary of the foundation of the Institute of Mathematics and Computer Science &#8222;IMCS-50&#8221;<\/a>\u00a0(19-23 august 2014, Chi\u015fin\u0103u).<\/li>\n<li><a href=\"http:\/\/www.math.md\/iis2013\/\" target=\"_blank\" rel=\"noopener\">International Conference on Intelligent Information Systems &#8222;IIS 2013&#8221;<\/a>\u00a0(20-23 august 2013, Chi\u015fin\u0103u).<\/li>\n<li><a href=\"http:\/\/www.math.md\/cmc14\/\" target=\"_blank\" rel=\"noopener\">The 14th International Conference on Membrane Computing &#8222;CMC14&#8221;<\/a>\u00a0(20-23 august 2013, Chi\u015fin\u0103u).<\/li>\n<li><a href=\"http:\/\/www.math.md\/iis2011\/\" target=\"_blank\" rel=\"noopener\">International Workshop on Intelligent Information Systems &#8222;IIS 2011&#8221;<\/a>\u00a0(13-14 septembrie 2011, Chi\u015fin\u0103u).<\/li>\n<li><a href=\"http:\/\/www.icnbme.sibm.md\/home.html\" target=\"_blank\" rel=\"noopener\">International Conference on Nanotechnologies and Biomedical Engineering &#8222;ICNBME &#8211; 2011&#8221;<\/a>\u00a0(7-8 iulie 2011, Chi\u015fin\u0103u).<\/li>\n<li>Conferin\u0163a na\u0163ional\u0103 \u015ftiin\u0163ifico-practic\u0103 a tinerilor cercet\u0103tori &#8222;Problemele managementului activit\u0103\u0163ii inova\u0163ionale \u00een condi\u0163iile cre\u0103rii unei economii bazate pe cunoa\u015ftere&#8221; (9-10 mai 2011, Chi\u015fin\u0103u).<\/li>\n<li>VI-th International Conference on Microelectronics and Computer Science &#8222;ICMCS &#8211; 2009&#8221; (1-3 octombrie 2009, Chi\u015fin\u0103u).<\/li>\n<li>Forum regional de dezvoltare &#8222;<a href=\"http:\/\/www.itu.int\/ITU-D\/tech\/DevelopmentForums\/2009\/EUR\/RDF09_EUR_Program.html\" target=\"_blank\" rel=\"noopener\">NGN and Broadband, Opportunities and Challenges<\/a>&#8221; (24-26 august 2009, Chi\u015fin\u0103u).<\/li>\n<li>Workshop cu sprijinul NATO &#8222;<a href=\"http:\/\/www.renam.md\/anw2009\" target=\"_blank\" rel=\"noopener\">Cyber terrorism: Prevention and Protection<\/a>&#8221; (21-23 mai 2009, Chi\u015fin\u0103u).<\/li>\n<li>Conferin\u0163a interna\u0163ional\u0103 &#8222;Information and Communication Technologies ICT+ 2009&#8221; (18-21 mai 2009, Chi\u015fin\u0103u).<\/li>\n<li>A 8-a Conferin\u0163\u0103 interna\u0163ional\u0103 &#8222;Tehnologii informa\u0163ionale&#8221; BIT+ 2008 (15-17 aprilie 2008, Chi\u015fin\u0103u).<\/li>\n<li>V-th International Conference on Microelectronics and Computer Science &#8222;ICMCS &#8211; 2007&#8221; (19-21 septembrie 2007, Chi\u015fin\u0103u).<\/li>\n<li>Conferin\u0163a interna\u0163ional\u0103 &#8222;Algebraic Systems and their Applications in Differential Equations and other domains of mathematics&#8221; ASADE 2007 (21-23 august 2007, Chi\u015fin\u0103u).<\/li>\n<li>A 7-a Conferin\u0163\u0103 interna\u0163ional\u0103 &#8222;Tehnologii informa\u0163ionale&#8221; BIT+ 2007 (24-26 aprilie 2007, Chi\u015fin\u0103u).<\/li>\n<li>Conferin\u0163a interna\u0163ional\u0103 CAIM XIV (The XIV Conference on Applied and Industrial Mathematics) (17-19 august 2006, Chi\u015fin\u0103u).<\/li>\n<li>A 6-a Conferin\u0163\u0103 interna\u0163ional\u0103 &#8222;Tehnologii informa\u0163ionale&#8221; BIT+ 2006 (11-13 aprilie 2006, Chi\u015fin\u0103u).<\/li>\n<li>A 5-a Conferin\u0163\u0103 interna\u0163ional\u0103 &#8222;Tehnologii informa\u0163ionale&#8221; BIT+ 2005 (31 mai &#8211; 2 iunie 2005, Chi\u015fin\u0103u).<\/li>\n<li>Conferin\u0163a a 2-a a Societ\u0103\u0163ii Matematice din Republica Moldova, consacrat\u0103 anivers\u0103rii a 40-cea de la fondarea Institutului de Matematic\u0103 \u015fi Informatic\u0103 al A\u015eM (17-19 august 2004, Chi\u015fin\u0103u).<\/li>\n<li>Workshop-ul NATO &#8222;Computational commutative and non-commutative algebraic geometry&#8221; (6-11 iunie 2004, Chi\u015fin\u0103u).<\/li>\n<li>A 4-a Conferin\u0163\u0103 interna\u0163ional\u0103 &#8222;Tehnologii informa\u0163ionale&#8221; BIT+ 2004 (3-7 mai 2004, Chi\u015fin\u0103u).<\/li>\n<li>A 3-a Conferin\u0163\u0103 interna\u0163ional\u0103 &#8222;Tehnologii informa\u0163ionale&#8221; BIT+ 2003 (7-11 aprilie 2003, Chi\u015fin\u0103u).<\/li>\n<li>Conferin\u0163a interna\u0163ional\u0103 &#8222;Teoria radicalilor \u015fi aplica\u0163iile ei&#8221; ICOR-2003 consacrat\u0103 academicianului V.Andrunachievici (11-16 august 2003, Chi\u015fin\u0103u).<\/li>\n<li>Workshop-ul &#8222;Cercetarea calitativ\u0103 a ecua\u0163iilor diferen\u0163iale&#8221; (14-15 februarie 2003, Chi\u015fin\u0103u).<\/li>\n<li>A 2-a Conferin\u0163\u0103 interna\u0163ional\u0103 &#8222;Tehnologii informa\u0163ionale&#8221; BIT+ 2002 (10-12 aprilie 2002, Chi\u015fin\u0103u).<\/li>\n<li>Workshop-ul WISTCIS &#8222;<a href=\"http:\/\/www.renam.md\/project\/wistcis\/0005.html\" target=\"_blank\" rel=\"noopener\">Telematics and Networking Suport in Environmental and Natural Hazard Research and Monitoring<\/a>&#8221; (21-22 iunie 2001, Chi\u015fin\u0103u).<\/li>\n<li>Conferin\u0163a interna\u0163ional\u0103 &#8222;Tehnologii informa\u0163ionale&#8221; BIT+ 2001 (11-13 aprilie 2001, Chi\u015fin\u0103u).<\/li>\n<li>A treia Conferin\u0163\u0103 interna\u0163ional\u0103 &#8222;Machines, Computations and Universality&#8221; MCU&#8217;2001 (23-30 mai 2001, Chi\u015fin\u0103u).<\/li>\n<li>Prima Conferin\u0163\u0103 a Societ\u0103\u0163ii Matematice din Republica Moldova (16-18 august 2001, Chi\u015fin\u0103u).<\/li>\n<li>Forum moldo-rom\u00e2n &#8222;Limba rom\u00e2n\u0103 &#8211; limba Comunit\u0103\u0163ii Europene&#8221; (aprilie 2000, Chi\u015fin\u0103u).<\/li>\n<li>Conferin\u0163a \u015ftiin\u0163ifico-practic\u0103 interna\u0163ional\u0103 &#8222;Tehnologii avansate \u00een pragul secolului XXI&#8221; (5 octombrie 2000, Chi\u015fin\u0103u).<\/li>\n<li>Conferin\u0163a \u015ftiin\u0163ific\u0103 a tinerilor savan\u0163i &#8222;Matematica aplicat\u0103 \u015fi informatica&#8221; (25-26 august 1998, Chi\u015fin\u0103u).<\/li>\n<li>Conferin\u0163a tehnico-\u015ftiin\u0163ific\u0103 republican\u0103 &#8222;Informatica \u015fi tehnica de calcul&#8221; (1993).<\/li>\n<li>Conferin\u0163a tehnico-\u015ftiin\u0163ific\u0103 republican\u0103 &#8222;Problemele matematiz\u0103rii economiei na\u0163ionale a R.S.S. Moldovene\u015fti&#8221; (1991).<\/li>\n<li>Consf\u0103tuirea unional\u0103 &#8222;Aspectele psihologice \u015fi algoritmice ale problemei de ob\u0163inere a cuno\u015ftin\u0163elor expert&#8221; (1990).<\/li>\n<li>\u015ecoala-seminar republican\u0103 &#8222;Problemele aplic\u0103rii sistemelor expert \u00een economia na\u0163ional\u0103&#8221; (1989).<\/li>\n<li>A IX-a Conferin\u0163\u0103 unional\u0103 de geometrie (20-22 septembrie 1988, Chi\u015fin\u0103u).<\/li>\n<li>\u015ecoala-seminar republican\u0103 &#8222;Tehnologia elabor\u0103rii sistemelor expert&#8221; (1987).<\/li>\n<li>\u015ecoala-seminar tehnico-\u015ftiin\u0163ific\u0103 republican\u0103 &#8222;Automatizarea \u015fi robotizarea procesului de produc\u0163ie prin mijloace microprocesorale&#8221; (1986).<\/li>\n<li>Consf\u0103tuirea unional\u0103 &#8222;Probleme de creare \u015fi implementare a subsistemului &#8222;\u015etiin\u0163a \u015fi tehnica&#8221; al Sistemului Automatizat de Luare a Deciziilor al Comitetului de stat pentru planificare al U.R.S.S. \u015fi al gosplanurilor republicilor unionale&#8221; (1985).<\/li>\n<li>A IV-a \u015ecoal\u0103-seminar republican\u0103 &#8222;Metode logico-combinatoriale \u00een recunoa\u015fterea imaginilor&#8221; (1985).<\/li>\n<li>A 18-a Conferin\u0163\u0103 unional\u0103 de algebr\u0103 (16-18 septembrie 1985, Chi\u015fin\u0103u).<\/li>\n<li>Conferin\u0163a tehnico-\u015ftiin\u0163ific\u0103 republican\u0103 &#8222;Sisteme interactive \u015fi aplicarea lor practic\u0103&#8221; (1984).<\/li>\n<li>A II-a \u015ecoal\u0103-seminar unional\u0103 &#8222;Optimizarea discret\u0103 \u015fi aplica\u0163iile ei, inclusiv cele economice&#8221; (1983).<\/li>\n<li>Conferin\u0163a \u015ftiin\u0163ific\u0103 republican\u0103 &#8222;Complexe interactive orientate pe problem\u0103&#8221; (1982).<\/li>\n<li>Conferin\u0163a unional\u0103 &#8222;Probleme ale planific\u0103rii regionale optime&#8221; (1981).<\/li>\n<li>A V-a \u015ecoal\u0103 unional\u0103 a tinerilor savan\u0163i &#8222;Metode numerice de rezolvare a problemelor fizicii matematice&#8221; (1981).<\/li>\n<li>A II-a \u015ecoal\u0103-seminar republican\u0103 &#8222;Mijloace interactive de interac\u0163iune \u00een sisteme &#8222;Om-calculator&#8221;&#8221; (1980).<\/li>\n<li>A III-a \u015ecoal\u0103-seminar republican\u0103 &#8222;Metode logico-combinatoriale \u00een recunoa\u015fterea imaginilor&#8221; (1980).<\/li>\n<li>Al IV-lea Simpozion unional de teoria inelelor, algebrelor \u015fi modulelor (17-19 septembrie 1980, Chi\u015fin\u0103u).<\/li>\n<li>I \u015ecoal\u0103-seminar republican\u0103 &#8222;Mijloace interactive de interac\u0163iune \u00een sisteme &#8222;Om-calculator&#8221;&#8221; (1979).<\/li>\n<li>A II-a \u015ecoal\u0103 republican\u0103 &#8222;Metode logico-combinatoriale \u00een recunoa\u015fterea imaginilor&#8221; (1979).<\/li>\n<li>Consf\u0103tuirea unional\u0103 &#8222;Proiectarea \u015fi utilizarea calculatoarelor informa\u0163ionale performante&#8221; (1979).<\/li>\n<li>A V-a Conferin\u0163\u0103 unional\u0103 &#8222;Teoria calitativ\u0103 a ecua\u0163iilor diferen\u0163iale&#8221; (22-24 august 1979, Chi\u015fin\u0103u).<\/li>\n<li>Seminarul tehnico-\u015ftiin\u0163ific unional &#8222;Dirijarea \u00een cazul categoriilor vagi&#8221; (1978).<\/li>\n<li>I \u015ecoal\u0103-seminar unional\u0103 &#8222;Matematica \u00een paleontologie&#8221; (1978).<\/li>\n<li>\u015ecoala-seminar unional\u0103 &#8222;Probleme teoretice \u015fi aplicative ale program\u0103rii de sistem&#8221; (1978).<\/li>\n<li>A II-a \u015ecoal\u0103 unional\u0103 &#8222;Bazele teoretice \u015fi realizarea algoritmilor numerici de solu\u0163ionare a problemelor fizicii matematice&#8221; (1977).<\/li>\n<li>I \u015ecoal\u0103-seminar republican\u0103 &#8222;Metode logico-combinatoriale \u00een recunoa\u015fterea imaginilor&#8221; (1977).<\/li>\n<li>Simpozionul soveto-finlandez &#8222;Sisteme automatizate de proiectare&#8221; (1977).<\/li>\n<li>Conferin\u0163a republican\u0103 &#8222;Problemele dezvolt\u0103rii complexului agraroindustrial&#8221; (1976).<\/li>\n<li>A 4-a Conferin\u0163\u0103 unional\u0103 de logic\u0103 matematic\u0103 (12-14 octombrie 1976, Chi\u015fin\u0103u).<\/li>\n<li>I \u015ecoal\u0103 unional\u0103 &#8222;Bazele teoretice \u015fi realizarea algoritmilor numerici de solu\u0163ionare a problemelor fizicii matematice&#8221; (1975).<\/li>\n<li>Al II-lea Simpozion de teorie a inelelor, algebrelor \u015fi modulelor (1974).<\/li>\n<li>Al 3-lea Simpozion Tiraspolean de topologie \u015fi aplica\u0163iile ei (1974).<\/li>\n<li>A III-a Conferin\u0163\u0103 unional\u0103 &#8222;Metode numerice de solu\u0163ionare a problemelor de teorie a elasticit\u0103\u0163ii \u015fi plasticit\u0103\u0163ii&#8221; (1973).<\/li>\n<li>Consf\u0103tuirea unional\u0103 a consiliului tehnic \u015fi a celui matematic ale Comisiei pentru exploatarea calculatoarelor BESM-4 (1971).<\/li>\n<li>Al XI-lea Colocviu unional de algebr\u0103 (17-19 mai 1971, Chi\u015fin\u0103u).<\/li>\n<li>Simpozionul tehnico-\u015ftiin\u0163ific unional &#8222;Aplicarea metodelor matematice \u015fi a tehnicii de calcul \u00een prognozarea dezvolt\u0103rii tehnice \u015fi de productie a \u00eentreprinderilor \u015fi a ramurilor economiei na\u0163ionale&#8221; (1970).<\/li>\n<li>A III-a \u015ecoal\u0103 de var\u0103 unional\u0103 \u00een problemele optimiz\u0103rii (1969).<\/li>\n<li>Al II-lea Simpozion Tiraspolean de topologie general\u0103 \u015fi aplica\u0163iile ei (1969).<\/li>\n<li>Simpozionul unional de metode calitative \u00een teoria ecua\u0163iilor diferen\u0163iale ordinare \u015fi \u00een mecanica cereasc\u0103 (1969, Chi\u015fin\u0103u).<\/li>\n<li>A IV-a Conferin\u0163\u0103 tehnico-\u015ftiin\u0163ific\u0103 republican\u0103 &#8222;Aplicarea metodelor matematice \u015fi a tehnicii de calcul \u00een economia na\u0163ional\u0103 a Moldovei&#8221; (1968).<\/li>\n<li>I Simpozion unional de teoria inelelor \u015fi modulelor (septembrie 1968, Chi\u015fin\u0103u).<\/li>\n<li>Al IV-lea Simpozion unional de propagare a undelor elastico-plastice (1968).<\/li>\n<li>I Simpozion Tiraspolean de topologie \u015fi aplica\u0163iile ei (1967).<\/li>\n<li>Conferin\u0163a tehnico-\u015ftiin\u0163ific\u0103 republican\u0103 &#8222;Aplicarea metodelor matematice pentru mecanizarea \u015fi automatizarea lucrului inginerilor \u015fi al conduc\u0103torilor&#8221; (1967).<\/li>\n<li>A III-a Conferin\u0163\u0103 tehnico-\u015ftiin\u0163ific\u0103 republican\u0103 &#8222;Aplicarea metodelor matematice \u015fi a tehnicii de calcul \u00een economia na\u0163ionala a Moldovei&#8221; (1966).<\/li>\n<li>A II-a Conferin\u0163\u0103 tehnico-\u015ftiin\u0163ific\u0103 republican\u0103 &#8222;Aplicarea metodelor matematice \u015fi a tehnicii de calcul \u00een economia na\u0163ionala a Moldovei&#8221; (1965).<\/li>\n<li>Al VII-lea Colocviu unional de algebr\u0103 (1965, Chi\u015fin\u0103u).<\/li>\n<li>I Conferin\u0163\u0103 tehnico-\u015ftiin\u0163ific\u0103 republican\u0103 &#8222;Aplicarea metodelor matematice \u015fi a tehnicii de calcul \u00een economia na\u0163ionala a Moldovei&#8221; (1964).<\/li>\n<\/ol>\n","protected":false},"excerpt":{"rendered":"<p>International Conference dedicated to the 60th anniversary of the foundation of Vladimir Andrunachievici Institute of Mathematics and Computer Science, (IMCS60), (10-13 octombrie 2024, Chi\u0219in\u0103u). Workshop on Intelligent Information Systems &#8222;WIIS2023&#8221;\u00a0(19-21 octombrie 2023, Chi\u0219in\u0103u). The 17th Edition of the International Conference on Linguistic Resources and Tools for Natural Language Processing and the 2nd DeLORo Workshop\u00a0(10-12 noiembrie&hellip; <br \/> <a class=\"read-more\" href=\"https:\/\/math.usm.md\/?page_id=1184\">Cite\u0219te mai mult<\/a><\/p>\n","protected":false},"author":1,"featured_media":0,"parent":0,"menu_order":0,"comment_status":"closed","ping_status":"closed","template":"","meta":{"footnotes":""},"class_list":["post-1184","page","type-page","status-publish","hentry"],"rttpg_featured_image_url":null,"rttpg_author":{"display_name":"","author_link":"https:\/\/math.usm.md\/?author=1"},"rttpg_comment":0,"rttpg_category":null,"rttpg_excerpt":"International Conference dedicated to the 60th anniversary of the foundation of Vladimir Andrunachievici Institute of Mathematics and Computer Science, (IMCS60), (10-13 octombrie 2024, Chi\u0219in\u0103u). Workshop on Intelligent Information Systems &#8222;WIIS2023&#8221;\u00a0(19-21 octombrie 2023, Chi\u0219in\u0103u). The 17th Edition of the International Conference on Linguistic Resources and Tools for Natural Language Processing and the 2nd DeLORo Workshop\u00a0(10-12 noiembrie&hellip;&hellip;","_links":{"self":[{"href":"https:\/\/math.usm.md\/index.php?rest_route=\/wp\/v2\/pages\/1184","targetHints":{"allow":["GET"]}}],"collection":[{"href":"https:\/\/math.usm.md\/index.php?rest_route=\/wp\/v2\/pages"}],"about":[{"href":"https:\/\/math.usm.md\/index.php?rest_route=\/wp\/v2\/types\/page"}],"author":[{"embeddable":true,"href":"https:\/\/math.usm.md\/index.php?rest_route=\/wp\/v2\/users\/1"}],"replies":[{"embeddable":true,"href":"https:\/\/math.usm.md\/index.php?rest_route=%2Fwp%2Fv2%2Fcomments&post=1184"}],"version-history":[{"count":1,"href":"https:\/\/math.usm.md\/index.php?rest_route=\/wp\/v2\/pages\/1184\/revisions"}],"predecessor-version":[{"id":1185,"href":"https:\/\/math.usm.md\/index.php?rest_route=\/wp\/v2\/pages\/1184\/revisions\/1185"}],"wp:attachment":[{"href":"https:\/\/math.usm.md\/index.php?rest_route=%2Fwp%2Fv2%2Fmedia&parent=1184"}],"curies":[{"name":"wp","href":"https:\/\/api.w.org\/{rel}","templated":true}]}}